{"id":1630,"date":"2025-05-29T07:25:40","date_gmt":"2025-05-29T07:25:40","guid":{"rendered":"https:\/\/buzzspirit.com\/infra\/?page_id=1630"},"modified":"2025-06-06T20:10:53","modified_gmt":"2025-06-06T20:10:53","slug":"termeni-si-conditii","status":"publish","type":"page","link":"https:\/\/infradandb.com\/ro\/termeni-si-conditii\/","title":{"rendered":"Termeni \u0219i condi\u021bii"},"content":{"rendered":"\t\t<div data-elementor-type=\"wp-page\" data-elementor-id=\"1630\" class=\"elementor elementor-1630\" data-elementor-post-type=\"page\">\n\t\t\t\t<div class=\"elementor-element elementor-element-2f7d8f6c e-flex e-con-boxed wpr-particle-no wpr-jarallax-no wpr-parallax-no wpr-sticky-section-no e-con e-parent\" data-id=\"2f7d8f6c\" data-element_type=\"container\" data-settings=\"{&quot;background_background&quot;:&quot;classic&quot;}\">\n\t\t\t\t\t<div class=\"e-con-inner\">\n\t\t\t\t<div class=\"elementor-element elementor-element-7743ff0f elementor-widget elementor-widget-heading\" data-id=\"7743ff0f\" data-element_type=\"widget\" data-widget_type=\"heading.default\">\n\t\t\t\t<div class=\"elementor-widget-container\">\n\t\t\t\t\t<h1 class=\"elementor-heading-title elementor-size-default\">Termeni Si Condi\u021bii<\/h1>\t\t\t\t<\/div>\n\t\t\t\t<\/div>\n\t\t\t\t\t<\/div>\n\t\t\t\t<\/div>\n\t\t<div class=\"elementor-element elementor-element-728aaf48 e-flex e-con-boxed wpr-particle-no wpr-jarallax-no wpr-parallax-no wpr-sticky-section-no e-con e-parent\" data-id=\"728aaf48\" data-element_type=\"container\">\n\t\t\t\t\t<div class=\"e-con-inner\">\n\t\t<div class=\"elementor-element elementor-element-6472f7fd e-flex e-con-boxed wpr-particle-no wpr-jarallax-no wpr-parallax-no wpr-sticky-section-no e-con e-child\" data-id=\"6472f7fd\" data-element_type=\"container\">\n\t\t\t\t\t<div class=\"e-con-inner\">\n\t\t<div class=\"elementor-element elementor-element-4ce51c9a e-flex e-con-boxed wpr-particle-no wpr-jarallax-no wpr-parallax-no wpr-sticky-section-no elementor-invisible e-con e-child\" data-id=\"4ce51c9a\" data-element_type=\"container\" data-settings=\"{&quot;animation&quot;:&quot;slideInRight&quot;}\">\n\t\t\t\t\t<div class=\"e-con-inner\">\n\t\t\t\t<div class=\"elementor-element elementor-element-34582eaf elementor-widget elementor-widget-text-editor\" data-id=\"34582eaf\" data-element_type=\"widget\" data-widget_type=\"text-editor.default\">\n\t\t\t\t<div class=\"elementor-widget-container\">\n\t\t\t\t\t\t\t\t\t<p><strong>Termeni \u0219i Condi\u021bii (Versiunea \u00een limba rom\u00e2n\u0103)<\/strong><\/p>\n<p class=\"wnd-align-justify\"><!-- \/wp:paragraph --><!-- wp:paragraph --><\/p>\n<p><strong>1. Introducere<\/strong><br \/>Prin accesarea \u0219i utilizarea site-ului <a href=\"http:\/\/www.infradandb.com\">www.infradandb.com<\/a>, accepta\u021bi respectarea acestor Termeni \u0219i Condi\u021bii. Dac\u0103 nu sunte\u021bi de acord, v\u0103 rug\u0103m s\u0103 nu utiliza\u021bi acest site.<\/p>\n<p class=\"wnd-align-justify\"><!-- \/wp:paragraph --><!-- wp:paragraph --><\/p>\n<p><strong>2. Proprietar \u0219i Operator<\/strong><br \/>Acest site este de\u021binut \u0219i operat de:<br \/>S.C. M Infra Design &amp; Management S.R.L.<br \/>Strada Justi\u021biei nr 45, Sector 4, 040116, Bucure\u0219ti, Rom\u00e2nia<br \/>CUI: RO 47199695 | Reg. Com.: J40\/23005\/2022<br \/>Email: contact@infradandb.com<\/p>\n<p class=\"wnd-align-justify\"><!-- \/wp:paragraph --><!-- wp:paragraph --><\/p>\n<p><strong>3. Utilizarea Site-ului<\/strong><br \/>Con\u021binutul este oferit cu titlu informativ general. Utilizatorii nu au voie s\u0103 utilizeze, copieze, rev\u00e2nd\u0103 sau exploateze con\u021binutul \u00een scopuri comerciale f\u0103r\u0103 permisiune scris\u0103.<\/p>\n<p class=\"wnd-align-justify\"><!-- \/wp:paragraph --><!-- wp:paragraph --><\/p>\n<p><strong>4. Proprietate Intelectual\u0103<\/strong><br \/>Tot con\u021binutul, m\u0103rcile, logourile \u0219i designurile sunt proprietatea S.C. M Infra Design &amp; Management S.R.L. sau a licen\u021biatorilor \u0219i sunt protejate de legisla\u021bia aplicabil\u0103.<\/p>\n<p class=\"wnd-align-justify\"><!-- \/wp:paragraph --><!-- wp:paragraph --><\/p>\n<p><strong>5. Limitarea R\u0103spunderii<\/strong><br \/>Compania nu este responsabil\u0103 pentru daune directe sau indirecte rezultate din utilizarea site-ului sau a informa\u021biilor prezentate.<\/p>\n<p class=\"wnd-align-justify\"><!-- \/wp:paragraph --><!-- wp:paragraph --><\/p>\n<p><strong>6. Link-uri c\u0103tre Alte Site-uri<\/strong><br \/>Site-ul poate con\u021bine link-uri c\u0103tre site-uri ter\u021be. Nu ne asum\u0103m responsabilitatea pentru con\u021binutul sau practicile acestora privind datele.<\/p>\n<p class=\"wnd-align-justify\"><!-- \/wp:paragraph --><!-- wp:paragraph --><\/p>\n<p><strong>7. Confiden\u021bialitate \u0219i Protec\u021bia Datelor<\/strong><br \/>Utilizarea datelor personale este reglementat\u0103 de Politica de Confiden\u021bialitate \u0219i respect\u0103 GDPR.<\/p>\n<p class=\"wnd-align-justify\"><!-- \/wp:paragraph --><!-- wp:paragraph --><\/p>\n<p><strong>8. Newsletter \u0219i Comunicare Email<\/strong><br \/>Prin abonare, utilizatorii accept\u0103 primirea comunic\u0103rilor gestionate prin Brevo. Se pot dezabona \u00een orice moment.<\/p>\n<p class=\"wnd-align-justify\"><!-- \/wp:paragraph --><!-- wp:paragraph --><\/p>\n<p><strong>9. Modificarea Termenilor<\/strong><br \/>Ne rezerv\u0103m dreptul de a modifica ace\u0219ti Termeni oric\u00e2nd. Modific\u0103rile intr\u0103 \u00een vigoare la publicare.<\/p>\n<p class=\"wnd-align-justify\"><!-- \/wp:paragraph --><!-- wp:paragraph --><\/p>\n<p><strong>10. Legea Aplicabil\u0103<\/strong><br \/>Ace\u0219ti Termeni sunt guverna\u021bi de legisla\u021bia Rom\u00e2niei. Orice litigii vor fi solu\u021bionate de instan\u021bele competente din Rom\u00e2nia.Romanian courts.<\/p>\n<p class=\"wnd-align-justify\"><!-- \/wp:paragraph --><!-- wp:separator --><\/p>\n<hr class=\"wp-block-separator has-alpha-channel-opacity\" \/>\n<p class=\"wnd-align-justify\"><!-- \/wp:separator --><!-- wp:paragraph --><\/p>\n<p>\u00a0<\/p>\t\t\t\t\t\t\t\t<\/div>\n\t\t\t\t<\/div>\n\t\t\t\t\t<\/div>\n\t\t\t\t<\/div>\n\t\t\t\t\t<\/div>\n\t\t\t\t<\/div>\n\t\t\t\t\t<\/div>\n\t\t\t\t<\/div>\n\t\t\t\t<\/div>\n\t\t","protected":false},"excerpt":{"rendered":"<p>Termeni Si Condi\u021bii Termeni \u0219i Condi\u021bii (Versiunea \u00een limba rom\u00e2n\u0103) 1. IntroducerePrin accesarea \u0219i utilizarea site-ului www.infradandb.com, accepta\u021bi respectarea acestor Termeni \u0219i Condi\u021bii. Dac\u0103 nu sunte\u021bi de acord, v\u0103 rug\u0103m s\u0103 nu utiliza\u021bi acest site. 2. Proprietar \u0219i OperatorAcest site este de\u021binut \u0219i operat de:S.C. M Infra Design &amp; Management S.R.L.Strada Justi\u021biei nr 45, Sector 4, 040116, Bucure\u0219ti, Rom\u00e2niaCUI: RO 47199695 | Reg. Com.: J40\/23005\/2022Email: contact@infradandb.com 3. Utilizarea Site-uluiCon\u021binutul este oferit cu titlu informativ general. Utilizatorii nu au voie s\u0103 utilizeze, copieze, rev\u00e2nd\u0103 sau exploateze con\u021binutul \u00een scopuri comerciale f\u0103r\u0103 permisiune scris\u0103. 4. Proprietate Intelectual\u0103Tot con\u021binutul, m\u0103rcile, logourile \u0219i designurile sunt proprietatea S.C. M Infra Design &amp; Management S.R.L. sau a licen\u021biatorilor \u0219i sunt protejate de legisla\u021bia aplicabil\u0103. 5. Limitarea R\u0103spunderiiCompania nu este responsabil\u0103 pentru daune directe sau indirecte rezultate din utilizarea site-ului sau a informa\u021biilor prezentate. 6. Link-uri c\u0103tre Alte Site-uriSite-ul poate con\u021bine link-uri c\u0103tre site-uri ter\u021be. Nu ne asum\u0103m responsabilitatea pentru con\u021binutul sau practicile acestora privind datele. 7. Confiden\u021bialitate \u0219i Protec\u021bia DatelorUtilizarea datelor personale este reglementat\u0103 de Politica de Confiden\u021bialitate \u0219i respect\u0103 GDPR. 8. Newsletter \u0219i Comunicare EmailPrin abonare, utilizatorii accept\u0103 primirea comunic\u0103rilor gestionate prin Brevo. Se pot dezabona \u00een orice moment. 9. Modificarea TermenilorNe rezerv\u0103m dreptul de a modifica ace\u0219ti Termeni oric\u00e2nd. Modific\u0103rile intr\u0103 \u00een vigoare la publicare. 10. Legea Aplicabil\u0103Ace\u0219ti Termeni sunt guverna\u021bi de legisla\u021bia Rom\u00e2niei. Orice litigii vor fi solu\u021bionate de instan\u021bele competente din Rom\u00e2nia.Romanian courts. \u00a0<\/p>\n","protected":false},"author":1,"featured_media":0,"parent":0,"menu_order":0,"comment_status":"closed","ping_status":"open","template":"elementor_canvas","meta":{"footnotes":""},"class_list":["post-1630","page","type-page","status-publish","hentry"],"acf":[],"_links":{"self":[{"href":"https:\/\/infradandb.com\/ro\/wp-json\/wp\/v2\/pages\/1630","targetHints":{"allow":["GET"]}}],"collection":[{"href":"https:\/\/infradandb.com\/ro\/wp-json\/wp\/v2\/pages"}],"about":[{"href":"https:\/\/infradandb.com\/ro\/wp-json\/wp\/v2\/types\/page"}],"author":[{"embeddable":true,"href":"https:\/\/infradandb.com\/ro\/wp-json\/wp\/v2\/users\/1"}],"replies":[{"embeddable":true,"href":"https:\/\/infradandb.com\/ro\/wp-json\/wp\/v2\/comments?post=1630"}],"version-history":[{"count":10,"href":"https:\/\/infradandb.com\/ro\/wp-json\/wp\/v2\/pages\/1630\/revisions"}],"predecessor-version":[{"id":1953,"href":"https:\/\/infradandb.com\/ro\/wp-json\/wp\/v2\/pages\/1630\/revisions\/1953"}],"wp:attachment":[{"href":"https:\/\/infradandb.com\/ro\/wp-json\/wp\/v2\/media?parent=1630"}],"curies":[{"name":"wp","href":"https:\/\/api.w.org\/{rel}","templated":true}]}}